{"id":6085,"date":"2021-04-08T11:41:34","date_gmt":"2021-04-08T09:41:34","guid":{"rendered":"https:\/\/www.itinerarioenergia.it\/restaurants-and-bars\/"},"modified":"2021-04-08T11:41:46","modified_gmt":"2021-04-08T09:41:46","slug":"restaurants-and-bars","status":"publish","type":"page","link":"https:\/\/www.itinerarioenergia.it\/en\/restaurants-and-bars\/","title":{"rendered":"Restaurants and Bars"},"content":{"rendered":"\n<p>Pizzerias, restaurants, trattorias, bruschetterie, bars and clubs. Our territory offers the best and for all tastes. It&#8217;s up to you to discover it&#8230;<\/p>\n<div class=\"divider\"><i class=\"icon-circle\"><\/i><\/div>\r\n","protected":false},"excerpt":{"rendered":"<p>Pizzerias, restaurants, trattorias, bruschetterie, bars and clubs. Our territory offers the best and for all tastes. It&#8217;s up to you to discover it&#8230;<\/p>\n","protected":false},"author":1,"featured_media":4683,"parent":0,"menu_order":0,"comment_status":"closed","ping_status":"closed","template":"views\/page-templates\/restaurants.blade.php","meta":[],"acf":{"gruppo_elementi":[{"titolo":"Comune di Crespadoro","descrizione":"<h3>Ristoranti<\/h3>\n","visualizza_separatore":false,"elementi":[{"nome":"BAITA DEL VERONESE RISTORANTE PIZZERIA","indirizzo":"Via Lovati, 62 - 36070 Campodalbero (VI)","telefono":"0444 127 0219","email":"info@baitadelveronese.it","sito_web":"www.baitadelveronese.it"},{"nome":"FERRAZZA","indirizzo":"4, Via Ferrazza - 36070 Crespadoro (VI)","telefono":"0444 429195","email":"","sito_web":""},{"nome":"CAMPANA","indirizzo":"3, Via Pasquali Marana - 36070 Crespadoro (VI)","telefono":"0444 429049","email":"info@albergocampana.com","sito_web":"https:\/\/www.albergocampana.com\/"},{"nome":"Baita DEL VERONESE","indirizzo":"61, Via Lovati - 36070 Crespadoro (VI)","telefono":"0444 429103","email":"","sito_web":""},{"nome":"LOCANDA LA M\u00c0SERA","indirizzo":"12, Via Caliari - 36070 Crespadoro (VI)","telefono":"331 394 3981","email":"","sito_web":""},{"nome":"RISTORANTE ALBERGO, LA BETULLA","indirizzo":"15, Via Chiesa Durlo - 36070 Durlo (VI)","telefono":"0444 429377","email":"ristorantelabetulla@gmail.com","sito_web":"http:\/\/www.labetulla.vi.it\/"},{"nome":"RISTORANTE ALBERGO, LA MERIDIANA","indirizzo":"Via Roma 58 - 36070 Crespadoro (VI)","telefono":"0444 429017","email":"ristorante.meridiana@gmail.com","sito_web":"https:\/\/ristorazione.book2day.it\/r\/B2D-232048"}]},{"titolo":"Comune di Valdagno","descrizione":"","visualizza_separatore":true,"elementi":[{"nome":"Pizzeria Trattoria Nogareo","indirizzo":"Via Nogareo, 11 - 36078 Valdagno (VI)","telefono":"0445 401890","email":"","sito_web":""},{"nome":"Pizzeria Ristorante Concordia","indirizzo":"Via Concordia, 5 - 36078 Valdagno (VI)","telefono":"0445 410600","email":"","sito_web":""},{"nome":"Pizzeria Trattoria Ai Moschettieri","indirizzo":"Via Sette Martiri, 88 - 36078 Valdagno (VI)","telefono":"0445 401411","email":"","sito_web":""},{"nome":"Ristorante 5 Lanterne","indirizzo":"Zona Industriale, 27 - 36078 Valdagno (VI)","telefono":"0445 431197","email":"","sito_web":""},{"nome":"Ristorante Albergo Alpestre","indirizzo":"Contrada Lago n. 25 (loc. Castelvecchio) - 36078 Valdagno (VI)","telefono":"0445 970082","email":"","sito_web":"www.alpestre.it"},{"nome":"Ristorante Albergo Roma","indirizzo":"Via Garibaldi n. 9 - 36078 Valdagno (VI)","telefono":"0445 402173","email":"","sito_web":"www.albergoromavaldagno.it"},{"nome":"Ristorante Caff\u00e8 Garibaldi","indirizzo":"Piazza del Comune, 1 - 36078 Valdagno (VI)","telefono":"0445 407258","email":"","sito_web":"http:\/\/www.caffegaribaldi.it\/"},{"nome":"Ristorante Cinese Hong Kong","indirizzo":"Viale Trento, 139 - Valdagno","telefono":"0445 404748","email":"","sito_web":""},{"nome":"Ristorante Da Gianni alla Campagna","indirizzo":"Via Gasdotto,3 (Zona Industriale) - 36078 Valdagno (VI)","telefono":"0445 402784","email":"","sito_web":""},{"nome":"Ristorante Hostaria A Le Bele","indirizzo":"Contrada Maso, 11 (loc. Castello) - 36078 Valdagno (VI)","telefono":"0445 970270 - 0445 970034","email":"","sito_web":""},{"nome":"Ristorante La Villa","indirizzo":"Via F. Filzi n. 104 (loc. S. Quirico) - 36078 Valdagno (VI)","telefono":"0445 473880","email":"","sito_web":"http:\/\/www.ristorantelavilla.it\/"},{"nome":"Ristorante Pizzeria L\u2019Oceano","indirizzo":"Via F. Filzi n. 55 (loc. S. Quirico) - 36078 Valdagno (VI)","telefono":"0445 473790","email":"","sito_web":""},{"nome":"Speedy Pizza","indirizzo":"Via Sette Martiri, 103 b - Valdagno","telefono":"0445 480402","email":"","sito_web":""},{"nome":"Trattoria Ai Castiglieri","indirizzo":"Via Castiglieri n. 2 (loc. Campotamaso) - 36078 Valdagno (VI)","telefono":"0445 410077","email":"","sito_web":""},{"nome":"Trattoria Al Boccalino","indirizzo":"Via Lora di Sopra, 60 - 36078 Valdagno (VI)","telefono":"0445 413113","email":"","sito_web":""},{"nome":"Trattoria Bertolini","indirizzo":"Via Campiglia, 21 - Valdagno","telefono":"0445 431037","email":"","sito_web":""},{"nome":"Trattoria Caff\u00e8 Nuovo","indirizzo":"Via SS. Trinit\u00e0, 51 - Valdagno","telefono":"0445 411633","email":"","sito_web":""},{"nome":"Trattoria Feri Sold\u00e0 Loretta","indirizzo":"Via Ponte Garzaro, 21 - 36078 Valdagno (VI)","telefono":"0445 431259","email":"","sito_web":""},{"nome":"Trattoria Hurricane","indirizzo":"Via Chiesa di Novale, 8 - 36078 Valdagno (VI)","telefono":"410409","email":"","sito_web":""},{"nome":"Trattoria La Cantina","indirizzo":" Via Manin, 26\/A - Valdagno","telefono":"0445 409829","email":"","sito_web":""},{"nome":"Trattoria La Giarrettiera","indirizzo":"Via S. Lorenzo, 13 - 36078 Valdagno (VI)","telefono":"0445 406803","email":"","sito_web":""},{"nome":"Trattoria Le Vecchie Scuole","indirizzo":"Via Ambrosini, 10 (loc. Massignani Alti) - 36078 Valdagno (VI)","telefono":"0445 403472","email":"","sito_web":""},{"nome":"Trattoria Villa Pizzati","indirizzo":"Via Pizzati, 1 (loc. Castelvecchio) - 36078 Valdagno (VI)","telefono":"0445 970145","email":"","sito_web":""},{"nome":"Agriturismo Al Ranch","indirizzo":"C.da Bernardi, 10 - 36078 Valdagno (VI)","telefono":"0445 412387 - 349 3141592","email":"","sito_web":""},{"nome":"Antica Crostineria","indirizzo":"Via Chiesa, 57 (loc. Piana) - 36078 Valdagno (VI)","telefono":"0445 431261","email":"","sito_web":""},{"nome":"Bar Trattoria Passo Zovo","indirizzo":"Via Zovo di Novale, 3 - 36078 Valdagno (VI)","telefono":"0445 410450","email":"","sito_web":""},{"nome":"Bruschetteria La Terrazza","indirizzo":"Via Santa Caterina n. 3 (loc. Castelvecchio) - 36078 Valdagno (VI)","telefono":"0445 970921 - 0445 970258","email":"","sito_web":""},{"nome":"Caff\u00e8 Nuovo","indirizzo":"VIa S.S. Trinit\u00e0, 83 - 36078 Valdagno (VI)","telefono":"","email":"","sito_web":""},{"nome":"Creperia La Tana del Lupo","indirizzo":"Via Festari, 3 - 36078 Valdagno (VI)","telefono":"0445 409253","email":"","sito_web":""},{"nome":"La Castellana","indirizzo":"Via Priara Castello, 44 - Valdagno","telefono":"0445 407407","email":"","sito_web":""},{"nome":"Osteria Titon","indirizzo":"Via Madonnetta, 4 - 36078 Valdagno (VI)","telefono":"0445 401553","email":"","sito_web":""},{"nome":"Pizza Export","indirizzo":"Via Dalmazia, 47 - Valdagno","telefono":"0445 408633","email":"","sito_web":""},{"nome":"Pizzeria Ai Campassi","indirizzo":"Via Cracco, 42 - 36078 Valdagno (VI)","telefono":"0445 410956","email":"","sito_web":""},{"nome":"Pizzeria Belfiore","indirizzo":"Via Zara, 42 - 36078 Valdagno (VI)","telefono":"0445 406499","email":"","sito_web":""},{"nome":"Pizzeria Capri","indirizzo":"Via S. Cristoforo, 12 - 36078 Valdagno (VI)","telefono":"0445 404771","email":"","sito_web":""},{"nome":"Pizzeria da asporto","indirizzo":"Via Cirenaica, 16 - Valdagno","telefono":"0445 408244","email":"","sito_web":""},{"nome":"Pizzeria da Romano","indirizzo":"Via Galvani - Valdagno","telefono":"0445 403898","email":"","sito_web":""},{"nome":"Pizzeria e music bar Non solo Disco","indirizzo":"Via Massegnan n. 7 (loc. Novella) - 36078 Valdagno (VI)","telefono":"0445 411976","email":"","sito_web":""},{"nome":"Pizzeria Graziella","indirizzo":"Via Chiesa, 12 (loc. Piana) - 36078 Valdagno (VI)","telefono":"0445 430040","email":"","sito_web":""},{"nome":"Pizzeria Italia","indirizzo":"Viale Trento, 147 - 36078 Valdagno (VI)","telefono":"0445 480315","email":"","sito_web":""},{"nome":"Bar Trattoria Al Sole","indirizzo":"Via Galliano, 10 - 36078 Valdagno (VI)","telefono":"0445 401259 - 0445 480112","email":"","sito_web":""},{"nome":"CASIN DEL GAMBA ","indirizzo":"a 2.6km 1, Via Roccolo Pizzati - 36078 Valdagno (VI)","telefono":"","email":"","sito_web":""}]},{"titolo":"Comune di Recoaro Terme","descrizione":"<h3>Pizzerie<\/h3>\n","visualizza_separatore":false,"elementi":[{"nome":"Ai Menarini","indirizzo":"Via Menarini n. 2","telefono":"+39 0445 780788","email":"info@pizzeriamenarini.it","sito_web":"http:\/\/www.pizzeriamenarini.it\/"},{"nome":"Da Franco","indirizzo":"Localit\u00e0 Fornace n. 10","telefono":"+39 0445 780108","email":"","sito_web":""},{"nome":"Da Geremia","indirizzo":"Via Vittorio Emanuele n. 15","telefono":"+39 0445 780686","email":"","sito_web":""},{"nome":"Da Luca","indirizzo":"Via Obante n. 3","telefono":"+39 335 5204098","email":"info@locandadaluca.it","sito_web":"http:\/\/www.locandadaluca.it\/"},{"nome":"La Piazzetta","indirizzo":"Via Roma 54","telefono":"+39 0445 75253","email":"","sito_web":""},{"nome":"Leone San Marco","indirizzo":"Piazza Rovegliana","telefono":"+39 0445 794100","email":"","sito_web":""}]},{"titolo":"","descrizione":"<h3 class=\"topmargin-sm\">Ristoranti<\/h3>\n","visualizza_separatore":false,"elementi":[{"nome":"Al Castello","indirizzo":"Via G. Zanella n. 13","telefono":"+39 0445 780300 - fax +39 0445 958614","email":"info@albergoalcastello.com","sito_web":"http:\/\/www.albergoalcastello.com\/"},{"nome":"Moderno","indirizzo":"Via Lelia 27b","telefono":"+39 0445 75106","email":"","sito_web":""},{"nome":"Paradiso","indirizzo":"Via Bruni n. 38","telefono":"Via Bruni n. 38","email":"","sito_web":""},{"nome":"Trettenero","indirizzo":"Via Vittorio Emanuele 16\/E","telefono":"+39 0445 780380 - fax 0445 780350","email":"info@hoteltrettenero.it","sito_web":"http:\/\/www.visitrecoaroterme.it\/it\/"},{"nome":"Locanda Seggiovia","indirizzo":"P.zza D.D'Aosta n. 7","telefono":"+39 0445 76162","email":"locandaseggiovia@gmail.com","sito_web":"http:\/\/www.locandaseggiovia.com\/"}]},{"titolo":"","descrizione":"<h3 class=\"topmargin-sm\">Trattorie, Locande, Agriturismi e malghe<\/h3>\n","visualizza_separatore":false,"elementi":[{"nome":"Agriturismo Al Giogo","indirizzo":"Via Gattera di Sotto","telefono":"+39 320-8158903","email":"","sito_web":""},{"nome":"Agriturismo Le Betulle","indirizzo":"Contrada Taulotti n. 7","telefono":"+39 0445 780205","email":"agriturismolebetulle@tiscali.it","sito_web":""},{"nome":"Trattoria Mezzaluna","indirizzo":"Via Bonomini n. 87\/2","telefono":"+39 320 0760020","email":"federicopovolo6@gmail.com","sito_web":""},{"nome":"Hostaria Al Colle Da Mattea","indirizzo":"Via Fonte Giuliana n. 22","telefono":"+39 0445-76467","email":"","sito_web":""},{"nome":"Locanda Mezzo Cason","indirizzo":"Strada Provinciale 99 per Campogrosso","telefono":"+39 0445 75004","email":"","sito_web":""},{"nome":"Locanda Obante","indirizzo":"Strada per la Gazza","telefono":"+39 0445 75401","email":"locandaobante@yahoo.it","sito_web":"http:\/\/www.visitrecoaroterme.it\/it\/trattorie-locande-agriturismi-e-malghe#"},{"nome":"Malga Campogrosso","indirizzo":"Localit\u00e0 Campogrosso","telefono":"+39 0445 780102 - +39 333 8054093","email":"","sito_web":""},{"nome":"Malga Ravo","indirizzo":"Strada per Campogrosso","telefono":"+39 377 29022692","email":"malga.ravo@gmail.com","sito_web":"https:\/\/sites.google.com\/site\/malgaravo\/"},{"nome":"Malga Serita","indirizzo":"Via Strada delle Casare 3030","telefono":"+39 339 2015156","email":"","sito_web":""},{"nome":"Ristoro Montagna Spaccata (apertura stagionale)","indirizzo":"Localit\u00e0 Spaccata n. 4","telefono":"+39 0445 473953 - +39 340-3723231","email":"info@montagnaspaccata.com","sito_web":"http:\/\/www.montagnaspaccata.com\/"},{"nome":"Trattoria Ai Menarini","indirizzo":"Via Menarini n. 2","telefono":"+39 0445 780788","email":"info@pizzeriamenarini.it","sito_web":"http:\/\/www.pizzeriamenarini.it\/"},{"nome":"Trattoria Da Bepi","indirizzo":"Strada per Recoaro Mille","telefono":"+39 0445 77137","email":"","sito_web":""},{"nome":"Trattoria Da Gigi","indirizzo":"Contrada Fonte Abelina n. 13","telefono":"+39 0445 75291","email":"","sito_web":""},{"nome":"Trattoria Giorgetti","indirizzo":"Via Giorgetti n. 24\/25","telefono":"+39 0445 75295","email":"","sito_web":""},{"nome":"Trattoria La Gabiola","indirizzo":"Via Strada delle Casare, 3920","telefono":"+39 0445 1747348","email":"gabiola3920@gmail.com","sito_web":"http:\/\/www.lagabiola.it\/"},{"nome":"Trattoria Malga Lora","indirizzo":"Via Malga Lora n. 1","telefono":"+39 0445 75970","email":"","sito_web":""}]}]},"_links":{"self":[{"href":"https:\/\/www.itinerarioenergia.it\/en\/wp-json\/wp\/v2\/pages\/6085"}],"collection":[{"href":"https:\/\/www.itinerarioenergia.it\/en\/wp-json\/wp\/v2\/pages"}],"about":[{"href":"https:\/\/www.itinerarioenergia.it\/en\/wp-json\/wp\/v2\/types\/page"}],"author":[{"embeddable":true,"href":"https:\/\/www.itinerarioenergia.it\/en\/wp-json\/wp\/v2\/users\/1"}],"replies":[{"embeddable":true,"href":"https:\/\/www.itinerarioenergia.it\/en\/wp-json\/wp\/v2\/comments?post=6085"}],"version-history":[{"count":1,"href":"https:\/\/www.itinerarioenergia.it\/en\/wp-json\/wp\/v2\/pages\/6085\/revisions"}],"predecessor-version":[{"id":6086,"href":"https:\/\/www.itinerarioenergia.it\/en\/wp-json\/wp\/v2\/pages\/6085\/revisions\/6086"}],"wp:featuredmedia":[{"embeddable":true,"href":"https:\/\/www.itinerarioenergia.it\/en\/wp-json\/wp\/v2\/media\/4683"}],"wp:attachment":[{"href":"https:\/\/www.itinerarioenergia.it\/en\/wp-json\/wp\/v2\/media?parent=6085"}],"curies":[{"name":"wp","href":"https:\/\/api.w.org\/{rel}","templated":true}]}}